{"id":56,"date":"2023-09-05T11:25:30","date_gmt":"2023-09-05T11:25:30","guid":{"rendered":"http:\/\/aller-wiesenhof.de\/?page_id=56"},"modified":"2023-09-08T09:45:09","modified_gmt":"2023-09-08T09:45:09","slug":"wiesenhoffest-24-09-2023","status":"publish","type":"page","link":"https:\/\/aller-wiesenhof.de\/?page_id=56","title":{"rendered":"WiesenHoffest 24.09.2023 und Kino am 23.09.2023"},"content":{"rendered":"\n<p class=\"has-white-background-color has-background\">Wir \u00f6ffnen f\u00fcr alle Interessierten ab 11:00 Uhr unsere Tore. <\/p>\n\n\n\n<figure class=\"wp-block-image size-large\"><img decoding=\"async\" loading=\"lazy\" width=\"1024\" height=\"767\" src=\"http:\/\/aller-wiesenhof.de\/wp-content\/uploads\/2023\/09\/Hoffest-1024x767.jpg\" alt=\"\" class=\"wp-image-59\" srcset=\"https:\/\/aller-wiesenhof.de\/wp-content\/uploads\/2023\/09\/Hoffest-1024x767.jpg 1024w, https:\/\/aller-wiesenhof.de\/wp-content\/uploads\/2023\/09\/Hoffest-300x225.jpg 300w, https:\/\/aller-wiesenhof.de\/wp-content\/uploads\/2023\/09\/Hoffest-768x575.jpg 768w, https:\/\/aller-wiesenhof.de\/wp-content\/uploads\/2023\/09\/Hoffest-1536x1150.jpg 1536w, https:\/\/aller-wiesenhof.de\/wp-content\/uploads\/2023\/09\/Hoffest-2048x1534.jpg 2048w\" sizes=\"(max-width: 767px) 89vw, (max-width: 1000px) 54vw, (max-width: 1071px) 543px, 580px\" \/><\/figure>\n\n\n\n<p>Es wird Livemusik geben, viele Aktionen f\u00fcr Kinder aber auch Erwachsene. Ihr k\u00f6nnt einen Einblick in unsere Tierhaltung mit Ammengest\u00fctzter Aufzucht der K\u00e4lber, der Bullenmast auf der Weide und Milchvieh erhalten. Nat\u00fcrlich d\u00fcrfen die unterschiedlichen Ger\u00e4te und Maschinen auch nicht fehlen. Zus\u00e4tzlich zu unserem Leben auf dem Hof m\u00f6chten wir euch nat\u00fcrlich noch viel mehr an diesem Tag bieten.<\/p>\n\n\n\n<p><strong>Eine kleine \u00dcbersicht der Angebote:<\/strong><\/p>\n\n\n\n<ul>\n<li>Ponyreiten<\/li>\n\n\n\n<li>Strohburg zum klettern und eintauchen<\/li>\n\n\n\n<li>Holzr\u00fccken von Pferden mit Frank Brinkmann und Philipp Giel<\/li>\n\n\n\n<li>Bohnenbad zum tollen<\/li>\n\n\n\n<li>Eine Schatzsuche im Stroh<\/li>\n\n\n\n<li>Kutschenfahrt<\/li>\n\n\n\n<li>Rehkitzrettung was steckt dahinter<\/li>\n\n\n\n<li>Imker stellen sich und ihre Bienenhaltung vor<\/li>\n\n\n\n<li><a href=\"https:\/\/www.sconiber.de\/\">Westerw\u00e4lder Beerenland<\/a> (feinstes aus der Region)<\/li>\n\n\n\n<li>Traktorfahren f\u00fcr alle<\/li>\n\n\n\n<li>Vorf\u00fchrung Doppelmesserm\u00e4htechniken <\/li>\n<\/ul>\n\n\n\n<figure class=\"wp-block-image size-large\"><img decoding=\"async\" loading=\"lazy\" width=\"1024\" height=\"683\" src=\"http:\/\/aller-wiesenhof.de\/wp-content\/uploads\/2023\/09\/Kino-1024x683.jpg\" alt=\"\" class=\"wp-image-73\" srcset=\"https:\/\/aller-wiesenhof.de\/wp-content\/uploads\/2023\/09\/Kino-1024x683.jpg 1024w, https:\/\/aller-wiesenhof.de\/wp-content\/uploads\/2023\/09\/Kino-300x200.jpg 300w, https:\/\/aller-wiesenhof.de\/wp-content\/uploads\/2023\/09\/Kino-768x512.jpg 768w, https:\/\/aller-wiesenhof.de\/wp-content\/uploads\/2023\/09\/Kino-1536x1024.jpg 1536w, https:\/\/aller-wiesenhof.de\/wp-content\/uploads\/2023\/09\/Kino-2048x1365.jpg 2048w\" sizes=\"(max-width: 767px) 89vw, (max-width: 1000px) 54vw, (max-width: 1071px) 543px, 580px\" \/><\/figure>\n\n\n\n<p>Nach der erfolgreichen Kinovorf\u00fchrung im Kinosaal &#8222;Bullenstall&#8220; in dem 30 Bullen und weitere 70 menschliche Zuschauer den Film &#8222;Unsere kleine gro\u00dfe Farm&#8220; schauten, m\u00f6chten wir am Vortag des Hoffestes ein kleines Freilichtkino  starten. Hierzu laden wir euch herzlich auf unseren Hof ein, zusammen mit Getr\u00e4nken und Popcorn einen Film zu schauen.<\/p>\n","protected":false},"excerpt":{"rendered":"<p>Wir \u00f6ffnen f\u00fcr alle Interessierten ab 11:00 Uhr unsere Tore. Es wird Livemusik geben, viele Aktionen f\u00fcr Kinder aber auch Erwachsene. Ihr k\u00f6nnt einen Einblick in unsere Tierhaltung mit Ammengest\u00fctzter Aufzucht der K\u00e4lber, der Bullenmast auf der Weide und Milchvieh erhalten. Nat\u00fcrlich d\u00fcrfen die unterschiedlichen Ger\u00e4te und Maschinen auch nicht fehlen. Zus\u00e4tzlich zu unserem Leben &hellip; <\/p>\n<p class=\"link-more\"><a href=\"https:\/\/aller-wiesenhof.de\/?page_id=56\" class=\"more-link\"><span class=\"screen-reader-text\">\u201eWiesenHoffest 24.09.2023 und Kino am 23.09.2023\u201c<\/span> weiterlesen<\/a><\/p>\n","protected":false},"author":1,"featured_media":0,"parent":11,"menu_order":1,"comment_status":"closed","ping_status":"closed","template":"","meta":[],"_links":{"self":[{"href":"https:\/\/aller-wiesenhof.de\/index.php?rest_route=\/wp\/v2\/pages\/56"}],"collection":[{"href":"https:\/\/aller-wiesenhof.de\/index.php?rest_route=\/wp\/v2\/pages"}],"about":[{"href":"https:\/\/aller-wiesenhof.de\/index.php?rest_route=\/wp\/v2\/types\/page"}],"author":[{"embeddable":true,"href":"https:\/\/aller-wiesenhof.de\/index.php?rest_route=\/wp\/v2\/users\/1"}],"replies":[{"embeddable":true,"href":"https:\/\/aller-wiesenhof.de\/index.php?rest_route=%2Fwp%2Fv2%2Fcomments&post=56"}],"version-history":[{"count":12,"href":"https:\/\/aller-wiesenhof.de\/index.php?rest_route=\/wp\/v2\/pages\/56\/revisions"}],"predecessor-version":[{"id":87,"href":"https:\/\/aller-wiesenhof.de\/index.php?rest_route=\/wp\/v2\/pages\/56\/revisions\/87"}],"up":[{"embeddable":true,"href":"https:\/\/aller-wiesenhof.de\/index.php?rest_route=\/wp\/v2\/pages\/11"}],"wp:attachment":[{"href":"https:\/\/aller-wiesenhof.de\/index.php?rest_route=%2Fwp%2Fv2%2Fmedia&parent=56"}],"curies":[{"name":"wp","href":"https:\/\/api.w.org\/{rel}","templated":true}]}}