{"id":40,"date":"2019-09-12T16:41:07","date_gmt":"2019-09-12T16:41:07","guid":{"rendered":"http:\/\/aller-wiesenhof.de\/?page_id=40"},"modified":"2020-07-28T05:16:11","modified_gmt":"2020-07-28T05:16:11","slug":"welpen-auf-dem-hof","status":"publish","type":"page","link":"https:\/\/aller-wiesenhof.de\/?page_id=40","title":{"rendered":"Kofinanzierung durch Land und Bund im Rahmen der GAK"},"content":{"rendered":"\n<p><strong>Kofinanzierung durch Land und Bund im Rahmen der GAK<\/strong><\/p>\n\n\n\n<p>Mein Unternehmen\u00a0Andreas Aller erh\u00e4lt im Rahmen des vom Ministerium f\u00fcr Wirtschaft, Verkehr, Landwirtschaft und Weinbau verwalteten rheinland-pf\u00e4lzischen Entwicklungsprogramms \u201eUmweltma\u00dfnahmen, L\u00e4ndliche Entwicklung, Landwirtschaft, Ern\u00e4hrung\u201c (EULLE) durch den Europ\u00e4ischen Landwirtschaftsfonds f\u00fcr die Entwicklung des l\u00e4ndlichen Raums (ELER) kofinanziert durch das Land und den Bund im Rahmen der Gemeinschaftsaufgabe \u201eVerbesserung der Agrarstruktur und des K\u00fcstenschutzes\u201c (GAK) eine F\u00f6rderung f\u00fcr seine Leistungen:<\/p>\n\n\n\n<p style=\"text-align:center\"><strong>\u00d6kologischen Landbau;&nbsp;<\/strong><\/p>\n\n\n\n<p style=\"text-align:center\"><strong>in den Agrar- und Klimama\u00dfnahmen:&nbsp;<\/strong><\/p>\n\n\n\n<p style=\"text-align:center\"><strong>Umwandlung einzelner Ackerfl\u00e4chen in Gr\u00fcnland;<\/strong><\/p>\n\n\n\n<p style=\"text-align:center\"><strong>Vielf\u00e4ltige Kulturen im Ackerbau<\/strong><\/p>\n\n\n\n<figure class=\"wp-block-image\"><img decoding=\"async\" loading=\"lazy\" width=\"1024\" height=\"121\" src=\"http:\/\/aller-wiesenhof.de\/wp-content\/uploads\/2020\/07\/Bildschirmfoto-2020-07-28-um-07.13.51-1024x121.png\" alt=\"\" class=\"wp-image-49\" srcset=\"https:\/\/aller-wiesenhof.de\/wp-content\/uploads\/2020\/07\/Bildschirmfoto-2020-07-28-um-07.13.51-1024x121.png 1024w, https:\/\/aller-wiesenhof.de\/wp-content\/uploads\/2020\/07\/Bildschirmfoto-2020-07-28-um-07.13.51-300x36.png 300w, https:\/\/aller-wiesenhof.de\/wp-content\/uploads\/2020\/07\/Bildschirmfoto-2020-07-28-um-07.13.51-768x91.png 768w, https:\/\/aller-wiesenhof.de\/wp-content\/uploads\/2020\/07\/Bildschirmfoto-2020-07-28-um-07.13.51.png 1256w\" sizes=\"(max-width: 767px) 89vw, (max-width: 1000px) 54vw, (max-width: 1071px) 543px, 580px\" \/><\/figure>\n","protected":false},"excerpt":{"rendered":"<p>Kofinanzierung durch Land und Bund im Rahmen der GAK Mein Unternehmen\u00a0Andreas Aller erh\u00e4lt im Rahmen des vom Ministerium f\u00fcr Wirtschaft, Verkehr, Landwirtschaft und Weinbau verwalteten rheinland-pf\u00e4lzischen Entwicklungsprogramms \u201eUmweltma\u00dfnahmen, L\u00e4ndliche Entwicklung, Landwirtschaft, Ern\u00e4hrung\u201c (EULLE) durch den Europ\u00e4ischen Landwirtschaftsfonds f\u00fcr die Entwicklung des l\u00e4ndlichen Raums (ELER) kofinanziert durch das Land und den Bund im Rahmen der Gemeinschaftsaufgabe &hellip; <\/p>\n<p class=\"link-more\"><a href=\"https:\/\/aller-wiesenhof.de\/?page_id=40\" class=\"more-link\"><span class=\"screen-reader-text\">\u201eKofinanzierung durch Land und Bund im Rahmen der GAK\u201c<\/span> weiterlesen<\/a><\/p>\n","protected":false},"author":1,"featured_media":0,"parent":0,"menu_order":0,"comment_status":"closed","ping_status":"closed","template":"","meta":[],"_links":{"self":[{"href":"https:\/\/aller-wiesenhof.de\/index.php?rest_route=\/wp\/v2\/pages\/40"}],"collection":[{"href":"https:\/\/aller-wiesenhof.de\/index.php?rest_route=\/wp\/v2\/pages"}],"about":[{"href":"https:\/\/aller-wiesenhof.de\/index.php?rest_route=\/wp\/v2\/types\/page"}],"author":[{"embeddable":true,"href":"https:\/\/aller-wiesenhof.de\/index.php?rest_route=\/wp\/v2\/users\/1"}],"replies":[{"embeddable":true,"href":"https:\/\/aller-wiesenhof.de\/index.php?rest_route=%2Fwp%2Fv2%2Fcomments&post=40"}],"version-history":[{"count":3,"href":"https:\/\/aller-wiesenhof.de\/index.php?rest_route=\/wp\/v2\/pages\/40\/revisions"}],"predecessor-version":[{"id":50,"href":"https:\/\/aller-wiesenhof.de\/index.php?rest_route=\/wp\/v2\/pages\/40\/revisions\/50"}],"wp:attachment":[{"href":"https:\/\/aller-wiesenhof.de\/index.php?rest_route=%2Fwp%2Fv2%2Fmedia&parent=40"}],"curies":[{"name":"wp","href":"https:\/\/api.w.org\/{rel}","templated":true}]}}