{"id":27,"date":"2019-05-31T21:17:52","date_gmt":"2019-05-31T21:17:52","guid":{"rendered":"http:\/\/aller-wiesenhof.de\/?page_id=27"},"modified":"2021-08-06T13:52:13","modified_gmt":"2021-08-06T13:52:13","slug":"datenschutz-impressum","status":"publish","type":"page","link":"https:\/\/aller-wiesenhof.de\/?page_id=27","title":{"rendered":"Impressum\/ Datenschutz"},"content":{"rendered":"\n<p><strong>Impressum<\/strong><\/p>\n\n\n\n<p>Andreas Aller<br>Betriebsleiter: Andreas Aller<br>Wiesenhof 1<br>D-56244 Maxsain<\/p>\n\n\n\n<p>Tel.: 02626\/8146<br>Mail.: info@aller-wiesenhof.de<\/p>\n\n\n\n<p>DE-\u00d6KO-001<\/p>\n\n\n\n<p>Inhaltlich Verantwortliche: Antonia Aller<\/p>\n\n\n\n<p><strong>Datenschutz<\/strong><\/p>\n\n\n\n<p><em><strong>Cookies<\/strong><\/em><\/p>\n\n\n\n<p><em>Wenn du einen Kommentar auf unserer Website schreibst, kann das eine Einwilligung sein, deinen Namen, E-Mail-Adresse und Website in Cookies zu speichern. Dies ist eine Komfortfunktion, damit du nicht, wenn du einen weiteren Kommentar schreibst, all diese Daten erneut eingeben musst. Diese Cookies werden ein Jahr lang gespeichert.<\/em><\/p>\n\n\n\n<p><em>Falls du ein Konto hast und dich auf dieser Website anmeldest, werden wir ein tempor\u00e4res Cookie setzen, um festzustellen, ob dein Browser Cookies akzeptiert. Dieses Cookie enth\u00e4lt keine personenbezogenen Daten und wird verworfen, wenn du deinen Browser schlie\u00dft.<\/em><\/p>\n\n\n\n<p><em>Wenn du dich anmeldest, werden wir einige Cookies einrichten, um deine Anmeldeinformationen und Anzeigeoptionen zu speichern. Anmelde-Cookies verfallen nach zwei Tagen und Cookies f\u00fcr die Anzeigeoptionen nach einem Jahr. Falls du bei der Anmeldung \u201eAngemeldet bleiben\u201c ausw\u00e4hlst, wird deine Anmeldung zwei Wochen lang aufrechterhalten. Mit der Abmeldung aus deinem Konto werden die Anmelde-Cookies gel\u00f6scht.<\/em><\/p>\n\n\n\n<p><em>Wenn du einen Artikel bearbeitest oder ver\u00f6ffentlichst, wird ein zus\u00e4tzlicher Cookie in deinem Browser gespeichert. Dieser Cookie enth\u00e4lt keine personenbezogenen Daten und verweist nur auf die Beitrags-ID des Artikels, den du gerade bearbeitet hast. Der Cookie verf\u00e4llt nach einem Tag.<\/em><\/p>\n\n\n\n<p><em><strong>Eingebettete Inhalte von anderen Webseiten<\/strong><\/em><\/p>\n\n\n\n<p><em>Diese Websites k\u00f6nnen Daten \u00fcber dich sammeln, Cookies benutzen, zus\u00e4tzliche Tracking-Dienste von Dritten einbetten und deine Interaktion mit diesem eingebetteten Inhalt aufzeichnen, inklusive deiner Interaktion mit dem eingebetteten Inhalt, falls du ein Konto hast und auf dieser Website angemeldet bist.<\/em><\/p>\n","protected":false},"excerpt":{"rendered":"<p>Impressum Andreas AllerBetriebsleiter: Andreas AllerWiesenhof 1D-56244 Maxsain Tel.: 02626\/8146Mail.: info@aller-wiesenhof.de DE-\u00d6KO-001 Inhaltlich Verantwortliche: Antonia Aller Datenschutz Cookies Wenn du einen Kommentar auf unserer Website schreibst, kann das eine Einwilligung sein, deinen Namen, E-Mail-Adresse und Website in Cookies zu speichern. Dies ist eine Komfortfunktion, damit du nicht, wenn du einen weiteren Kommentar schreibst, all diese Daten &hellip; <\/p>\n<p class=\"link-more\"><a href=\"https:\/\/aller-wiesenhof.de\/?page_id=27\" class=\"more-link\"><span class=\"screen-reader-text\">\u201eImpressum\/ Datenschutz\u201c<\/span> weiterlesen<\/a><\/p>\n","protected":false},"author":1,"featured_media":0,"parent":0,"menu_order":0,"comment_status":"closed","ping_status":"closed","template":"","meta":[],"_links":{"self":[{"href":"https:\/\/aller-wiesenhof.de\/index.php?rest_route=\/wp\/v2\/pages\/27"}],"collection":[{"href":"https:\/\/aller-wiesenhof.de\/index.php?rest_route=\/wp\/v2\/pages"}],"about":[{"href":"https:\/\/aller-wiesenhof.de\/index.php?rest_route=\/wp\/v2\/types\/page"}],"author":[{"embeddable":true,"href":"https:\/\/aller-wiesenhof.de\/index.php?rest_route=\/wp\/v2\/users\/1"}],"replies":[{"embeddable":true,"href":"https:\/\/aller-wiesenhof.de\/index.php?rest_route=%2Fwp%2Fv2%2Fcomments&post=27"}],"version-history":[{"count":5,"href":"https:\/\/aller-wiesenhof.de\/index.php?rest_route=\/wp\/v2\/pages\/27\/revisions"}],"predecessor-version":[{"id":54,"href":"https:\/\/aller-wiesenhof.de\/index.php?rest_route=\/wp\/v2\/pages\/27\/revisions\/54"}],"wp:attachment":[{"href":"https:\/\/aller-wiesenhof.de\/index.php?rest_route=%2Fwp%2Fv2%2Fmedia&parent=27"}],"curies":[{"name":"wp","href":"https:\/\/api.w.org\/{rel}","templated":true}]}}