{"id":13,"date":"2019-05-31T20:35:59","date_gmt":"2019-05-31T20:35:59","guid":{"rendered":"http:\/\/aller-wiesenhof.de\/?page_id=13"},"modified":"2019-09-12T16:33:59","modified_gmt":"2019-09-12T16:33:59","slug":"lernort-bauernhof","status":"publish","type":"page","link":"https:\/\/aller-wiesenhof.de\/?page_id=13","title":{"rendered":"Lernort Bauernhof"},"content":{"rendered":"\n<p><strong>Einen Bauernhof nicht nur Besuchen sondern erleben!<\/strong><\/p>\n\n\n\n<p>Theorie kann in der Schule erlernt werden, doch selbst Hand anlegen, Eigeninitiative ergreifen und Verantwortung f\u00fcr Natur und Umwelt \u00fcbernehmen, daf\u00fcr bietet unser Betrieb viele M\u00f6glichkeiten. Wir m\u00f6chten auf unserm Betrieb Kindern und Jugendlichen nicht nur einen Einblick in die Landwirtschaft geben, sondern ihnen aufweisen was es bedeutet Lebensmittel zu produzieren. <\/p>\n\n\n\n<p><strong>Das Abenteuer Bauernhof<\/strong><\/p>\n\n\n\n<p>Morgens um 10 Uhr erreicht die Schulkasse den Wiesenhof. Schon der wahrgenommene Geruch der Umgebung l\u00e4sst eine neue unbekannte Situation vermuten. Doch zum Naser\u00fcmpfend ist kaum Zeit. Die K\u00fche stehen schon im Melkstand bereit und m\u00fcssen gemolken werden. Somit werden die Kinder zum Eintreten in den Melkstand eingeladen. Umgeben von rhythmischen Klang der pulsierenden Maschine und die N\u00e4he zu den Tieren schafft viel Raum zum Aufnehmen f\u00fcr Neues. Woher kommt genau die Milch? Was ben\u00f6tigt eine Kuh damit es ihr gut geht? Wie f\u00fchlt sich das an eine Kuh zu sein? Wof\u00fcr ist Milch denn eigentlich da? Und wie kommt es, dass K\u00fche Milch geben?<\/p>\n\n\n\n<p>Weiter geht&#8217;s, denn zur Milchproduktion geh\u00f6rt auch die Aufzucht der K\u00e4lber. Diese warten schon auf ihr Fr\u00fchst\u00fcck. Nur mit gemeinschaftlichem Einsatz der Kinder kommt die Milch zu den kleinsten des Hofes. Die erst wenig alten Tiere ben\u00f6tigen besondere Aufmerksamkeit und die Milch, in den H\u00e4nden der Kinder, bekommt schlie\u00dflich eine andere Bedeutung als die, des Lebensmittels, welches gut zum M\u00fcsli oder als Kakao schmeckt. F\u00fcr die K\u00e4lber ist sie Lebensnotwendig. Sie ist die Nahrung und sch\u00fctzt das K\u00e4lbchen in seinen ersten Tagen vor Krankheiten. Doch warum haben die K\u00e4lber schon im alter von nur paar Tagen diese gelben Ohrringe?<\/p>\n\n\n\n<p>So kommen bei den Besuchern immer neue Fragen auf, die zusammen erarbeitet und beantwortet werden. <\/p>\n","protected":false},"excerpt":{"rendered":"<p>Einen Bauernhof nicht nur Besuchen sondern erleben! Theorie kann in der Schule erlernt werden, doch selbst Hand anlegen, Eigeninitiative ergreifen und Verantwortung f\u00fcr Natur und Umwelt \u00fcbernehmen, daf\u00fcr bietet unser Betrieb viele M\u00f6glichkeiten. Wir m\u00f6chten auf unserm Betrieb Kindern und Jugendlichen nicht nur einen Einblick in die Landwirtschaft geben, sondern ihnen aufweisen was es bedeutet &hellip; <\/p>\n<p class=\"link-more\"><a href=\"https:\/\/aller-wiesenhof.de\/?page_id=13\" class=\"more-link\"><span class=\"screen-reader-text\">\u201eLernort Bauernhof\u201c<\/span> weiterlesen<\/a><\/p>\n","protected":false},"author":1,"featured_media":0,"parent":0,"menu_order":0,"comment_status":"closed","ping_status":"closed","template":"","meta":[],"_links":{"self":[{"href":"https:\/\/aller-wiesenhof.de\/index.php?rest_route=\/wp\/v2\/pages\/13"}],"collection":[{"href":"https:\/\/aller-wiesenhof.de\/index.php?rest_route=\/wp\/v2\/pages"}],"about":[{"href":"https:\/\/aller-wiesenhof.de\/index.php?rest_route=\/wp\/v2\/types\/page"}],"author":[{"embeddable":true,"href":"https:\/\/aller-wiesenhof.de\/index.php?rest_route=\/wp\/v2\/users\/1"}],"replies":[{"embeddable":true,"href":"https:\/\/aller-wiesenhof.de\/index.php?rest_route=%2Fwp%2Fv2%2Fcomments&post=13"}],"version-history":[{"count":4,"href":"https:\/\/aller-wiesenhof.de\/index.php?rest_route=\/wp\/v2\/pages\/13\/revisions"}],"predecessor-version":[{"id":39,"href":"https:\/\/aller-wiesenhof.de\/index.php?rest_route=\/wp\/v2\/pages\/13\/revisions\/39"}],"wp:attachment":[{"href":"https:\/\/aller-wiesenhof.de\/index.php?rest_route=%2Fwp%2Fv2%2Fmedia&parent=13"}],"curies":[{"name":"wp","href":"https:\/\/api.w.org\/{rel}","templated":true}]}}