{"id":11,"date":"2019-05-31T20:35:59","date_gmt":"2019-05-31T20:35:59","guid":{"rendered":"http:\/\/aller-wiesenhof.de\/?page_id=11"},"modified":"2023-09-05T14:11:20","modified_gmt":"2023-09-05T14:11:20","slug":"der-wiesenhof","status":"publish","type":"page","link":"https:\/\/aller-wiesenhof.de\/","title":{"rendered":"Herzlich Willkommen auf dem Wiesenhof!"},"content":{"rendered":"\n<p>Wir, das hei\u00dft Andreas, Annette und Antonia Aller, bewirtschaften mit unserem Familienbetrieb der zweiten Generation, die Betriebszweige Milchvieh, Bullenmast und Futterbau im \u00f6kologischen Landbau. Diese Aufstellung des Betriebes erm\u00f6glicht uns euch einen facettenreichen Einblick in die Landwirtschaft zu geben. Wir m\u00f6chten dies nutzen, um die Produktion der Lebensmittel den Verbrauchern wieder N\u00e4her zu bringen. Da uns die Wertsch\u00e4tzung f\u00fcr die Lebensmittel und die Natur, aus der sie gewonnen werden, am Herzen liegt. <\/p>\n\n\n\n<figure class=\"wp-block-image size-full\"><img decoding=\"async\" loading=\"lazy\" width=\"10080\" height=\"6720\" src=\"http:\/\/aller-wiesenhof.de\/wp-content\/uploads\/2023\/09\/Betriebsbild.jpeg\" alt=\"\" class=\"wp-image-70\"\/><\/figure>\n\n\n\n<h1>Vermarktung von Fleisch<\/h1>\n\n\n\n<div class=\"is-layout-flex wp-container-3 wp-block-columns\">\n<div class=\"is-layout-flow wp-block-column\" style=\"flex-basis:33.33%\">\n<figure class=\"wp-block-image size-large is-resized\"><img decoding=\"async\" loading=\"lazy\" src=\"http:\/\/aller-wiesenhof.de\/wp-content\/uploads\/2023\/09\/ABBI_Aller_0753-1-683x1024.jpg\" alt=\"\" class=\"wp-image-79\" width=\"211\" height=\"317\" srcset=\"https:\/\/aller-wiesenhof.de\/wp-content\/uploads\/2023\/09\/ABBI_Aller_0753-1-683x1024.jpg 683w, https:\/\/aller-wiesenhof.de\/wp-content\/uploads\/2023\/09\/ABBI_Aller_0753-1-200x300.jpg 200w, https:\/\/aller-wiesenhof.de\/wp-content\/uploads\/2023\/09\/ABBI_Aller_0753-1-768x1152.jpg 768w, https:\/\/aller-wiesenhof.de\/wp-content\/uploads\/2023\/09\/ABBI_Aller_0753-1-1024x1536.jpg 1024w, https:\/\/aller-wiesenhof.de\/wp-content\/uploads\/2023\/09\/ABBI_Aller_0753-1-1365x2048.jpg 1365w, https:\/\/aller-wiesenhof.de\/wp-content\/uploads\/2023\/09\/ABBI_Aller_0753-1-scaled.jpg 1707w\" sizes=\"(max-width: 211px) 100vw, 211px\" \/><figcaption class=\"wp-element-caption\">Alnatura, Fotograf: Bernward Bertram<\/figcaption><\/figure>\n<\/div>\n\n\n\n<div class=\"is-layout-flow wp-block-column\" style=\"flex-basis:66.66%\">\n<p>Wir lassen die Tiere bei einem regionalen Bio-Metzger schlachten um eine h\u00f6chstm\u00f6gliche Qualit\u00e4t zu erzeugen. Das hei\u00dft, wir sorgen f\u00fcr einen kurzen und ruhigen Transport der Stress vermeidet. Dem Fleisch lassen wir Zeit zum Reifen, diese Zeit ben\u00f6tigt das Fleisch um zart zu sein und kaum Wasser in der Pfanne zu verlieren.<\/p>\n<\/div>\n<\/div>\n\n\n\n<p>Wir lassen nur dann schlachten, wenn wir auch das ganze Tier vermarkten k\u00f6nnen. So k\u00f6nnt Ihr bei uns nicht die einzelnen Teile erhalten, sondern einen Anteil eines Rindes in dem alle Teile im Verh\u00e4ltnis enthalten sind:&nbsp;<\/p>\n\n\n\n<p>Filet, Hackfleisch, Braten, Rumpsteak, H\u00fcftsteak, Rouladen, Suppenknochen, Gulasch, Suppenfleisch<\/p>\n\n\n\n<p>Dabei gibt es <strong>1\/16<\/strong> Rind was etwa 13-15 kg entspricht oder <strong>1\/8<\/strong> Rind was in etwa 22-25 kg entspricht. Jedes Tier ist anders, daher ist das Gewicht vorher nicht genau vorher zu sagen. <\/p>\n\n\n\n<p>Dabei gibt es zwei Termine bei denen ihr das Fleisch am Hof abholt. Einen f\u00fcr die Edelteile, die noch l\u00e4nger reifen und einen f\u00fcr Hack, Suppenfleisch und -knochen. Ihr k\u00f6nnt dann eure Portionen selbst einpacken in den Mengen, die ihr f\u00fcr einmal kochen braucht. Dabei kostet euch 1 kg BioRindFleisch 14\u20ac. Bei Fragen oder Interesse schreibt eine Mail an Toni.aller@gmail.com oder ruft unter 02626\/8146 an.<\/p>\n\n\n\n<h1>Weitere Produkte<\/h1>\n\n\n\n<div class=\"is-layout-constrained wp-block-group\"><div class=\"wp-block-group__inner-container\">\n<div class=\"is-layout-flex wp-container-14 wp-block-columns\">\n<div class=\"is-layout-flow wp-block-column\" style=\"flex-basis:100%\">\n<div class=\"is-layout-constrained wp-block-group\"><div class=\"wp-block-group__inner-container\">\n<div class=\"is-layout-constrained wp-block-group\"><div class=\"wp-block-group__inner-container\">\n<div class=\"is-layout-flex wp-container-10 wp-block-columns\">\n<div class=\"is-layout-flow wp-block-column\" style=\"flex-basis:100%\">\n<div class=\"is-layout-constrained wp-block-group\"><div class=\"wp-block-group__inner-container\">\n<div class=\"is-layout-constrained wp-block-group\"><div class=\"wp-block-group__inner-container\">\n<div class=\"is-layout-flex wp-container-6 wp-block-columns\">\n<div class=\"is-layout-flow wp-block-column\" style=\"flex-basis:66.66%\">\n<p>Des weiteren haben wir Wurst in Gl\u00e4sern in verschiedenen Varianten und vor allem in den Sommermonaten haben wir auch Bratw\u00fcrstchen, Steaks und Patties f\u00fcr einen Burger. <\/p>\n\n\n\n<p><\/p>\n<\/div>\n\n\n\n<div class=\"is-layout-flow wp-block-column\" style=\"flex-basis:33.33%\">\n<figure class=\"wp-block-image size-large\"><img decoding=\"async\" loading=\"lazy\" width=\"683\" height=\"1024\" src=\"http:\/\/aller-wiesenhof.de\/wp-content\/uploads\/2023\/09\/IMG_6238-683x1024.jpg\" alt=\"\" class=\"wp-image-80\" srcset=\"https:\/\/aller-wiesenhof.de\/wp-content\/uploads\/2023\/09\/IMG_6238-683x1024.jpg 683w, https:\/\/aller-wiesenhof.de\/wp-content\/uploads\/2023\/09\/IMG_6238-200x300.jpg 200w, https:\/\/aller-wiesenhof.de\/wp-content\/uploads\/2023\/09\/IMG_6238-768x1152.jpg 768w, https:\/\/aller-wiesenhof.de\/wp-content\/uploads\/2023\/09\/IMG_6238-1024x1536.jpg 1024w, https:\/\/aller-wiesenhof.de\/wp-content\/uploads\/2023\/09\/IMG_6238-1365x2048.jpg 1365w, https:\/\/aller-wiesenhof.de\/wp-content\/uploads\/2023\/09\/IMG_6238-scaled.jpg 1707w\" sizes=\"(max-width: 683px) 100vw, 683px\" \/><\/figure>\n<\/div>\n<\/div>\n<\/div><\/div>\n<\/div><\/div>\n<\/div>\n<\/div>\n<\/div><\/div>\n<\/div><\/div>\n<\/div>\n<\/div>\n<\/div><\/div>\n","protected":false},"excerpt":{"rendered":"<p>Wir, das hei\u00dft Andreas, Annette und Antonia Aller, bewirtschaften mit unserem Familienbetrieb der zweiten Generation, die Betriebszweige Milchvieh, Bullenmast und Futterbau im \u00f6kologischen Landbau. Diese Aufstellung des Betriebes erm\u00f6glicht uns euch einen facettenreichen Einblick in die Landwirtschaft zu geben. Wir m\u00f6chten dies nutzen, um die Produktion der Lebensmittel den Verbrauchern wieder N\u00e4her zu bringen. Da &hellip; <\/p>\n<p class=\"link-more\"><a href=\"https:\/\/aller-wiesenhof.de\/\" class=\"more-link\"><span class=\"screen-reader-text\">\u201eHerzlich Willkommen auf dem Wiesenhof!\u201c<\/span> weiterlesen<\/a><\/p>\n","protected":false},"author":1,"featured_media":0,"parent":0,"menu_order":0,"comment_status":"closed","ping_status":"closed","template":"","meta":[],"_links":{"self":[{"href":"https:\/\/aller-wiesenhof.de\/index.php?rest_route=\/wp\/v2\/pages\/11"}],"collection":[{"href":"https:\/\/aller-wiesenhof.de\/index.php?rest_route=\/wp\/v2\/pages"}],"about":[{"href":"https:\/\/aller-wiesenhof.de\/index.php?rest_route=\/wp\/v2\/types\/page"}],"author":[{"embeddable":true,"href":"https:\/\/aller-wiesenhof.de\/index.php?rest_route=\/wp\/v2\/users\/1"}],"replies":[{"embeddable":true,"href":"https:\/\/aller-wiesenhof.de\/index.php?rest_route=%2Fwp%2Fv2%2Fcomments&post=11"}],"version-history":[{"count":7,"href":"https:\/\/aller-wiesenhof.de\/index.php?rest_route=\/wp\/v2\/pages\/11\/revisions"}],"predecessor-version":[{"id":84,"href":"https:\/\/aller-wiesenhof.de\/index.php?rest_route=\/wp\/v2\/pages\/11\/revisions\/84"}],"wp:attachment":[{"href":"https:\/\/aller-wiesenhof.de\/index.php?rest_route=%2Fwp%2Fv2%2Fmedia&parent=11"}],"curies":[{"name":"wp","href":"https:\/\/api.w.org\/{rel}","templated":true}]}}